{"id":220,"date":"2020-07-13T11:58:58","date_gmt":"2020-07-13T14:58:58","guid":{"rendered":"http:\/\/www.dcomp.ufscar.br\/verdi\/?page_id=220"},"modified":"2020-07-14T19:35:39","modified_gmt":"2020-07-14T22:35:39","slug":"alumni","status":"publish","type":"page","link":"https:\/\/www.dcomp.ufscar.br\/verdi\/?page_id=220","title":{"rendered":"Alumni"},"content":{"rendered":"<p>I have been fortunate to work with so many students. Here where they currently are in their career:<\/p>\n<ul>\n<li><a href=\"https:\/\/www.linkedin.com\/in\/paulo-ditarso-maciel-jr-3902028\">Paulo Ditarso Maciel Jr<\/a>.: Post-doc. Associate Professor at Federal Institute of Para\u00edba (IFPB).<\/li>\n<li><a href=\"http:\/\/www.linkedin.com\/in\/nilson-moraes-filho\">Nilson Rubens de Moraes Filho<\/a>: Master student. Senior Solution Architect at\u00a0QLIK.<\/li>\n<li><a href=\"https:\/\/www.linkedin.com\/in\/thamires-luz-b7447211\/\">Thamires Campos Luz:<\/a> Master student. Professor at Instituto Federal de Educa\u00e7\u00e3o, Ci\u00eancia e Tecnologia de S\u00e3o Paulo and PhD student at USP (I am her co-advisor).<\/li>\n<li><a href=\"http:\/\/www.linkedin.com\/in\/marcelofrate\">Marcelo Frate:<\/a>\u00a0Master student.\u00a0\u00a0Professor of basic technical and technological education in computer networks at IFSP, C\u00e2mpus Boituva. Currently, he is away, doing a PhD in Technology at FT &#8211; Faculdade de Tecnologia da Unicamp.<\/li>\n<li><a href=\"https:\/\/br.linkedin.com\/in\/alnvdl\">Allan Vidal<\/a>: Master student. Working as a Software Engineer at Canonical.<\/li>\n<li><a href=\"https:\/\/www.linkedin.com\/in\/alexissaito\">Alexis Saito<\/a>. Master student:\u00a0R&amp;D SW Development Manager at Ericsson Brasil.<\/li>\n<li><a href=\"http:\/\/www.linkedin.com\/in\/henriqelol\/\">Eduardo Henrique Rocha Zanela<\/a>: Master student. Software Developer at Company NetSupport.<\/li>\n<li><a href=\"https:\/\/www.linkedin.com\/in\/regismartins\/\">Regis Martins<\/a>: Master student.\u00a0Sales Engineer @ Sandvine Inc.<\/li>\n<li><a href=\"http:\/\/linkedin.com\/in\/heliotibagi\">Helio Tibag\u00ed de Oliveira<\/a>: Master student. Digital Developer at Atento Brazil.<\/li>\n<li><a href=\"http:\/\/linkedin.com\/in\/andrebeltrami\">Andr\u00e9 Luiz Beltrami:<\/a> Master student. Currently doing a PhD at UFSCar (under my supervision) and also working as a Software Developer at FIT.<\/li>\n<li><a href=\"http:\/\/linkedin.com\/in\/alansilva\">Alan Silva<\/a>: Master student. Working as a Senior Customer Solutions Architect\/Engineer at\u00a0H2O.ai.<\/li>\n<li><a href=\"http:\/\/linkedin.com\/in\/marcus-sandri\">Marcus Sandri<\/a>: Master student.\u00a0Professor\/Researcher @ IFSP.<\/li>\n<li><a href=\"http:\/\/paginapessoal.utfpr.edu.br\/luciorocha\">Lucio Agostinho Rocha<\/a>: Post-doc. Now a Professor at\u00a0UTFPR Campus Apucarana\/PR.<\/li>\n<\/ul>\n","protected":false},"excerpt":{"rendered":"<p>I have been fortunate to work with so many students. Here where they currently are in their career: Paulo Ditarso Maciel Jr.: Post-doc. Associate Professor at Federal Institute of Para\u00edba (IFPB). Nilson Rubens de Moraes Filho: Master student. Senior Solution Architect at\u00a0QLIK. Thamires Campos Luz: Master student. Professor at Instituto Federal de Educa\u00e7\u00e3o, Ci\u00eancia e [&hellip;]<\/p>\n","protected":false},"author":1,"featured_media":0,"parent":0,"menu_order":0,"comment_status":"closed","ping_status":"closed","template":"","meta":{"footnotes":""},"class_list":["post-220","page","type-page","status-publish","hentry"],"_links":{"self":[{"href":"https:\/\/www.dcomp.ufscar.br\/verdi\/index.php?rest_route=\/wp\/v2\/pages\/220","targetHints":{"allow":["GET"]}}],"collection":[{"href":"https:\/\/www.dcomp.ufscar.br\/verdi\/index.php?rest_route=\/wp\/v2\/pages"}],"about":[{"href":"https:\/\/www.dcomp.ufscar.br\/verdi\/index.php?rest_route=\/wp\/v2\/types\/page"}],"author":[{"embeddable":true,"href":"https:\/\/www.dcomp.ufscar.br\/verdi\/index.php?rest_route=\/wp\/v2\/users\/1"}],"replies":[{"embeddable":true,"href":"https:\/\/www.dcomp.ufscar.br\/verdi\/index.php?rest_route=%2Fwp%2Fv2%2Fcomments&post=220"}],"version-history":[{"count":7,"href":"https:\/\/www.dcomp.ufscar.br\/verdi\/index.php?rest_route=\/wp\/v2\/pages\/220\/revisions"}],"predecessor-version":[{"id":224,"href":"https:\/\/www.dcomp.ufscar.br\/verdi\/index.php?rest_route=\/wp\/v2\/pages\/220\/revisions\/224"}],"wp:attachment":[{"href":"https:\/\/www.dcomp.ufscar.br\/verdi\/index.php?rest_route=%2Fwp%2Fv2%2Fmedia&parent=220"}],"curies":[{"name":"wp","href":"https:\/\/api.w.org\/{rel}","templated":true}]}}